{"id":2,"date":"2009-05-12T10:15:35","date_gmt":"2009-05-12T08:15:35","guid":{"rendered":"http:\/\/sonicduck.de\/wappenkunde\/?page_id=2"},"modified":"2010-07-02T14:15:54","modified_gmt":"2010-07-02T12:15:54","slug":"impressum","status":"publish","type":"page","link":"https:\/\/www.sonicduck.de\/wappenkunde\/?page_id=2","title":{"rendered":"Impressum"},"content":{"rendered":"<p>Betreiber und verantwortlich f\u00fcr diese Seiten ist:<\/p>\n<p>G\u00f6tz von Lojewski<br \/>\nHaakestr. 26<br \/>\n26125 Oldenburg<\/p>\n<p>goettinavonlojewski[at]@web.de<\/p>\n<p><strong>Haftungshinweis:<\/strong><\/p>\n<p>Trotz sorgf\u00e4ltiger inhaltlicher Kontrolle \u00fcbernehme ich keine Haftung f\u00fcr die Inhalte externer Links.<br \/>\nF\u00fcr den Inhalt der verlinkten Seiten sind ausschlie\u00dflich deren Betreiber verantwortlich.<\/p>\n","protected":false},"excerpt":{"rendered":"<p>Betreiber und verantwortlich f\u00fcr diese Seiten ist: G\u00f6tz von Lojewski Haakestr. 26 26125 Oldenburg goettinavonlojewski[at]@web.de Haftungshinweis: Trotz sorgf\u00e4ltiger inhaltlicher Kontrolle \u00fcbernehme ich keine Haftung f\u00fcr die Inhalte externer Links. F\u00fcr den Inhalt der verlinkten Seiten sind ausschlie\u00dflich deren Betreiber verantwortlich.<\/p>\n","protected":false},"author":1,"featured_media":0,"parent":0,"menu_order":0,"comment_status":"open","ping_status":"open","template":"","meta":{"footnotes":""},"_links":{"self":[{"href":"https:\/\/www.sonicduck.de\/wappenkunde\/index.php?rest_route=\/wp\/v2\/pages\/2"}],"collection":[{"href":"https:\/\/www.sonicduck.de\/wappenkunde\/index.php?rest_route=\/wp\/v2\/pages"}],"about":[{"href":"https:\/\/www.sonicduck.de\/wappenkunde\/index.php?rest_route=\/wp\/v2\/types\/page"}],"author":[{"embeddable":true,"href":"https:\/\/www.sonicduck.de\/wappenkunde\/index.php?rest_route=\/wp\/v2\/users\/1"}],"replies":[{"embeddable":true,"href":"https:\/\/www.sonicduck.de\/wappenkunde\/index.php?rest_route=%2Fwp%2Fv2%2Fcomments&post=2"}],"version-history":[{"count":12,"href":"https:\/\/www.sonicduck.de\/wappenkunde\/index.php?rest_route=\/wp\/v2\/pages\/2\/revisions"}],"predecessor-version":[{"id":520,"href":"https:\/\/www.sonicduck.de\/wappenkunde\/index.php?rest_route=\/wp\/v2\/pages\/2\/revisions\/520"}],"wp:attachment":[{"href":"https:\/\/www.sonicduck.de\/wappenkunde\/index.php?rest_route=%2Fwp%2Fv2%2Fmedia&parent=2"}],"curies":[{"name":"wp","href":"https:\/\/api.w.org\/{rel}","templated":true}]}}