{"id":3,"date":"2009-06-02T22:01:57","date_gmt":"2009-06-02T20:01:57","guid":{"rendered":"http:\/\/sonicduck.de\/wappenkunde\/?page_id=3"},"modified":"2022-01-06T18:15:26","modified_gmt":"2022-01-06T16:15:26","slug":"uber-den-autor","status":"publish","type":"page","link":"https:\/\/www.sonicduck.de\/wappenkunde\/?page_id=3","title":{"rendered":"\u00dcber den Autor"},"content":{"rendered":"<p><a href=\"https:\/\/www.sonicduck.de\/wappenkunde\/wp-content\/uploads\/2009\/06\/G\u00f6tz-Portrait.JPG\"><img loading=\"lazy\" decoding=\"async\" class=\"alignnone wp-image-495 size-medium\" title=\"G\u00f6tz-Portrait\" src=\"https:\/\/www.sonicduck.de\/wappenkunde\/wp-content\/uploads\/2009\/06\/G\u00f6tz-Portrait-239x300.jpg\" alt=\"G\u00f6tz-Portrait\" width=\"239\" height=\"300\" srcset=\"https:\/\/www.sonicduck.de\/wappenkunde\/wp-content\/uploads\/2009\/06\/G\u00f6tz-Portrait-239x300.jpg 239w, https:\/\/www.sonicduck.de\/wappenkunde\/wp-content\/uploads\/2009\/06\/G\u00f6tz-Portrait-818x1024.jpg 818w, https:\/\/www.sonicduck.de\/wappenkunde\/wp-content\/uploads\/2009\/06\/G\u00f6tz-Portrait.JPG 894w\" sizes=\"(max-width: 239px) 100vw, 239px\" \/><\/a><\/p>\n<p>G\u00f6tz Hasso Dietrich von Lojewski, geboren 1944 in Berlin, studierte Naturwissenschaften, Techniklehre und Sport in G\u00f6ttingen, war bis 2008 Lehrer an der Integrierten Gesamtschule in Langenhagen bei Hannover und lebt heute in Oldenburg. Besch\u00e4ftigt sich seit etwa 1980 mit der Erforschung der Geschichte der von Lojewski, die sich als \u00e4u\u00dferst schwierig und umfangreich gestaltet hat und immer noch viele Fragen offen l\u00e4\u00dft. Er entstammt den von Lojewski, die unter Friedrich II. in Schlesien gedient haben und sp\u00e4testens ab 1813 in Westpreu\u00dfen ans\u00e4ssig gewesen sind &#8211; siehe von Lojewski in Preu\u00dfen, Wappen Mond und drei Sterne.<\/p>\n","protected":false},"excerpt":{"rendered":"<p>G\u00f6tz Hasso Dietrich von Lojewski, geboren 1944 in Berlin, studierte Naturwissenschaften, Techniklehre und Sport in G\u00f6ttingen, war bis 2008 Lehrer an der Integrierten Gesamtschule in Langenhagen bei Hannover und lebt heute in Oldenburg. Besch\u00e4ftigt sich seit etwa 1980 mit der Erforschung der Geschichte der von Lojewski, die sich als \u00e4u\u00dferst schwierig und umfangreich gestaltet hat &hellip; <a href=\"https:\/\/www.sonicduck.de\/wappenkunde\/?page_id=3\" class=\"more-link\"><span class=\"screen-reader-text\">\u00dcber den Autor<\/span> weiterlesen<\/a><\/p>\n","protected":false},"author":1,"featured_media":0,"parent":0,"menu_order":0,"comment_status":"open","ping_status":"open","template":"","meta":{"footnotes":""},"_links":{"self":[{"href":"https:\/\/www.sonicduck.de\/wappenkunde\/index.php?rest_route=\/wp\/v2\/pages\/3"}],"collection":[{"href":"https:\/\/www.sonicduck.de\/wappenkunde\/index.php?rest_route=\/wp\/v2\/pages"}],"about":[{"href":"https:\/\/www.sonicduck.de\/wappenkunde\/index.php?rest_route=\/wp\/v2\/types\/page"}],"author":[{"embeddable":true,"href":"https:\/\/www.sonicduck.de\/wappenkunde\/index.php?rest_route=\/wp\/v2\/users\/1"}],"replies":[{"embeddable":true,"href":"https:\/\/www.sonicduck.de\/wappenkunde\/index.php?rest_route=%2Fwp%2Fv2%2Fcomments&post=3"}],"version-history":[{"count":22,"href":"https:\/\/www.sonicduck.de\/wappenkunde\/index.php?rest_route=\/wp\/v2\/pages\/3\/revisions"}],"predecessor-version":[{"id":1181,"href":"https:\/\/www.sonicduck.de\/wappenkunde\/index.php?rest_route=\/wp\/v2\/pages\/3\/revisions\/1181"}],"wp:attachment":[{"href":"https:\/\/www.sonicduck.de\/wappenkunde\/index.php?rest_route=%2Fwp%2Fv2%2Fmedia&parent=3"}],"curies":[{"name":"wp","href":"https:\/\/api.w.org\/{rel}","templated":true}]}}